{"id":195,"date":"2023-03-29T13:56:02","date_gmt":"2023-03-29T16:56:02","guid":{"rendered":"https:\/\/www.kalmar.com.br\/?page_id=195"},"modified":"2023-03-29T14:14:04","modified_gmt":"2023-03-29T17:14:04","slug":"historia","status":"publish","type":"page","link":"https:\/\/www.kalmar.com.br\/?page_id=195","title":{"rendered":"Hist\u00f3ria"},"content":{"rendered":"\t\t<div data-elementor-type=\"wp-page\" data-elementor-id=\"195\" class=\"elementor elementor-195\" data-elementor-post-type=\"page\">\n\t\t\t\t\t\t<section class=\"elementor-section elementor-top-section elementor-element elementor-element-fde7ae6 elementor-section-boxed elementor-section-height-default elementor-section-height-default\" data-id=\"fde7ae6\" data-element_type=\"section\" data-e-type=\"section\">\n\t\t\t\t\t\t<div class=\"elementor-container elementor-column-gap-default\">\n\t\t\t\t\t<div class=\"elementor-column elementor-col-100 elementor-top-column elementor-element elementor-element-a13f5ff\" data-id=\"a13f5ff\" data-element_type=\"column\" data-e-type=\"column\">\n\t\t\t<div class=\"elementor-widget-wrap elementor-element-populated\">\n\t\t\t\t\t\t<section class=\"elementor-section elementor-inner-section elementor-element elementor-element-01d12d1 elementor-section-boxed elementor-section-height-default elementor-section-height-default\" data-id=\"01d12d1\" data-element_type=\"section\" data-e-type=\"section\">\n\t\t\t\t\t\t<div class=\"elementor-container elementor-column-gap-no\">\n\t\t\t\t\t<div class=\"elementor-column elementor-col-50 elementor-inner-column elementor-element elementor-element-73e7f2b\" data-id=\"73e7f2b\" data-element_type=\"column\" data-e-type=\"column\">\n\t\t\t<div class=\"elementor-widget-wrap elementor-element-populated\">\n\t\t\t\t\t\t<div class=\"elementor-element elementor-element-5242fe8 elementor-widget elementor-widget-text-editor\" data-id=\"5242fe8\" data-element_type=\"widget\" data-e-type=\"widget\" data-widget_type=\"text-editor.default\">\n\t\t\t\t<div class=\"elementor-widget-container\">\n\t\t\t\t\t\t\t\t\t<p>O Estaleiro Kalmar foi fundado em 1982 por Erik e Lars Kreuger, pai e filho, apaixonados por embarca\u00e7\u00f5es e por velejar, que resolveram criar uma empresa especializada na constru\u00e7\u00e3o, reforma e restaura\u00e7\u00e3o de embarca\u00e7\u00f5es, tendo a madeira como a sua mais importante mat\u00e9ria-prima.<\/p><p>Kalmar foi o nome escolhido por homenagear o condado sueco de origem dos ancestrais da fam\u00edlia Kreuger. Ap\u00f3s um per\u00edodo nos Estados Unidos, Lars Kreuger trouxe para o Brasil uma nova t\u00e9cnica para a constru\u00e7\u00e3o dos barcos de madeira que passou a ser a ess\u00eancia de trabalho do Kalmar e que o posicionou como refer\u00eancia de marcenaria naval no mercado nacional e internacional.<\/p><p>De 2008 at\u00e9 2016, a empresa\u00a0ficou sob a dire\u00e7\u00e3o de Lorena Kreuger, filha de Lars e neta de Erik, que manteve a ess\u00eancia que fortaleceu a hist\u00f3ria do estaleiro: construir embarca\u00e7\u00f5es em um processo artesanal de alt\u00edssima qualidade e que durem por toda a vida.<\/p><p>Desde pequena Lorena sempre acompanhou de perto todos os processos que envolvem a fabrica\u00e7\u00e3o de embarca\u00e7\u00f5es e manteve-se presente no mundo n\u00e1utico participando de regatas, eventos ou simplesmente velejando por prazer em dias de bom vento.<\/p>\t\t\t\t\t\t\t\t<\/div>\n\t\t\t\t<\/div>\n\t\t\t\t<div class=\"elementor-element elementor-element-850c2f2 elementor-widget elementor-widget-text-editor\" data-id=\"850c2f2\" data-element_type=\"widget\" data-e-type=\"widget\" data-widget_type=\"text-editor.default\">\n\t\t\t\t<div class=\"elementor-widget-container\">\n\t\t\t\t\t\t\t\t\t<h4><strong>PRESENTE<\/strong><\/h4><p>Atualmente a empresa encontra-se sob dire\u00e7\u00e3o de uma equipe composta por experientes membros da forma\u00e7\u00e3o inicial do Estaleiro Kalmar que mant\u00e9m o rumo original dos seus fundadores, na entrega de excel\u00eancia em marcenaria naval como tamb\u00e9m buscam novas oportunidades no mercado de embarca\u00e7\u00f5es modernas feitas com\u00a0<em>composites<\/em>\u00a0e outros materiais.<\/p>\t\t\t\t\t\t\t\t<\/div>\n\t\t\t\t<\/div>\n\t\t\t\t\t<\/div>\n\t\t<\/div>\n\t\t\t\t<div class=\"elementor-column elementor-col-50 elementor-inner-column elementor-element elementor-element-8737c44\" data-id=\"8737c44\" data-element_type=\"column\" data-e-type=\"column\">\n\t\t\t<div class=\"elementor-widget-wrap elementor-element-populated\">\n\t\t\t\t\t\t<div class=\"elementor-element elementor-element-f4562dc elementor-widget elementor-widget-image\" data-id=\"f4562dc\" data-element_type=\"widget\" data-e-type=\"widget\" data-widget_type=\"image.default\">\n\t\t\t\t<div class=\"elementor-widget-container\">\n\t\t\t\t\t\t\t\t\t\t\t\t\t\t\t<img fetchpriority=\"high\" decoding=\"async\" width=\"581\" height=\"800\" src=\"https:\/\/www.kalmar.com.br\/wp-content\/uploads\/2023\/03\/1987-Lars-e-Lorena-e1382634997479.jpg\" class=\"attachment-large size-large wp-image-197\" alt=\"\" srcset=\"https:\/\/www.kalmar.com.br\/wp-content\/uploads\/2023\/03\/1987-Lars-e-Lorena-e1382634997479.jpg 581w, https:\/\/www.kalmar.com.br\/wp-content\/uploads\/2023\/03\/1987-Lars-e-Lorena-e1382634997479-218x300.jpg 218w, https:\/\/www.kalmar.com.br\/wp-content\/uploads\/2023\/03\/1987-Lars-e-Lorena-e1382634997479-106x146.jpg 106w, https:\/\/www.kalmar.com.br\/wp-content\/uploads\/2023\/03\/1987-Lars-e-Lorena-e1382634997479-36x50.jpg 36w, https:\/\/www.kalmar.com.br\/wp-content\/uploads\/2023\/03\/1987-Lars-e-Lorena-e1382634997479-54x75.jpg 54w\" sizes=\"(max-width: 581px) 100vw, 581px\" \/>\t\t\t\t\t\t\t\t\t\t\t\t\t\t\t<\/div>\n\t\t\t\t<\/div>\n\t\t\t\t\t<\/div>\n\t\t<\/div>\n\t\t\t\t\t<\/div>\n\t\t<\/section>\n\t\t\t\t<div class=\"elementor-element elementor-element-4a5b226 elementor-widget elementor-widget-gallery\" data-id=\"4a5b226\" data-element_type=\"widget\" data-e-type=\"widget\" data-settings=\"{&quot;columns&quot;:3,&quot;lazyload&quot;:&quot;yes&quot;,&quot;gallery_layout&quot;:&quot;grid&quot;,&quot;columns_tablet&quot;:2,&quot;columns_mobile&quot;:1,&quot;gap&quot;:{&quot;unit&quot;:&quot;px&quot;,&quot;size&quot;:10,&quot;sizes&quot;:[]},&quot;gap_tablet&quot;:{&quot;unit&quot;:&quot;px&quot;,&quot;size&quot;:10,&quot;sizes&quot;:[]},&quot;gap_mobile&quot;:{&quot;unit&quot;:&quot;px&quot;,&quot;size&quot;:10,&quot;sizes&quot;:[]},&quot;link_to&quot;:&quot;file&quot;,&quot;aspect_ratio&quot;:&quot;3:2&quot;,&quot;overlay_background&quot;:&quot;yes&quot;,&quot;content_hover_animation&quot;:&quot;fade-in&quot;}\" data-widget_type=\"gallery.default\">\n\t\t\t\t<div class=\"elementor-widget-container\">\n\t\t\t\t\t\t\t<div class=\"elementor-gallery__container\">\n\t\t\t\t\t\t\t<a class=\"e-gallery-item elementor-gallery-item elementor-animated-content\" href=\"https:\/\/www.kalmar.com.br\/wp-content\/uploads\/2023\/03\/1983-kalmar1-1983-021.jpg\" data-elementor-open-lightbox=\"yes\" data-elementor-lightbox-slideshow=\"4a5b226\" data-elementor-lightbox-title=\"1983-kalmar1-1983-021\" data-e-action-hash=\"#elementor-action%3Aaction%3Dlightbox%26settings%3DeyJpZCI6MTk5LCJ1cmwiOiJodHRwczpcL1wvd3d3LmthbG1hci5jb20uYnJcL3dwLWNvbnRlbnRcL3VwbG9hZHNcLzIwMjNcLzAzXC8xOTgzLWthbG1hcjEtMTk4My0wMjEuanBnIiwic2xpZGVzaG93IjoiNGE1YjIyNiJ9\">\n\t\t\t\t\t<div class=\"e-gallery-image elementor-gallery-item__image\" data-thumbnail=\"https:\/\/www.kalmar.com.br\/wp-content\/uploads\/2023\/03\/1983-kalmar1-1983-021-300x200.jpg\" data-width=\"300\" data-height=\"200\" aria-label=\"\" role=\"img\" ><\/div>\n\t\t\t\t\t\t\t\t\t\t\t<div class=\"elementor-gallery-item__overlay\"><\/div>\n\t\t\t\t\t\t\t\t\t\t\t\t\t\t<\/a>\n\t\t\t\t\t\t\t<a class=\"e-gallery-item elementor-gallery-item elementor-animated-content\" href=\"https:\/\/www.kalmar.com.br\/wp-content\/uploads\/2023\/03\/equipe-kalmar-1984.jpg\" data-elementor-open-lightbox=\"yes\" data-elementor-lightbox-slideshow=\"4a5b226\" data-elementor-lightbox-title=\"equipe-kalmar-1984\" data-e-action-hash=\"#elementor-action%3Aaction%3Dlightbox%26settings%3DeyJpZCI6MjAwLCJ1cmwiOiJodHRwczpcL1wvd3d3LmthbG1hci5jb20uYnJcL3dwLWNvbnRlbnRcL3VwbG9hZHNcLzIwMjNcLzAzXC9lcXVpcGUta2FsbWFyLTE5ODQuanBnIiwic2xpZGVzaG93IjoiNGE1YjIyNiJ9\">\n\t\t\t\t\t<div class=\"e-gallery-image elementor-gallery-item__image\" data-thumbnail=\"https:\/\/www.kalmar.com.br\/wp-content\/uploads\/2023\/03\/equipe-kalmar-1984-300x195.jpg\" data-width=\"300\" data-height=\"195\" aria-label=\"\" role=\"img\" ><\/div>\n\t\t\t\t\t\t\t\t\t\t\t<div class=\"elementor-gallery-item__overlay\"><\/div>\n\t\t\t\t\t\t\t\t\t\t\t\t\t\t<\/a>\n\t\t\t\t\t\t\t<a class=\"e-gallery-item elementor-gallery-item elementor-animated-content\" href=\"https:\/\/www.kalmar.com.br\/wp-content\/uploads\/2023\/03\/1992-Lars-Lorena-Erik-Kreuger.jpg\" data-elementor-open-lightbox=\"yes\" data-elementor-lightbox-slideshow=\"4a5b226\" data-elementor-lightbox-title=\"1992-Lars-Lorena-Erik-Kreuger\" data-e-action-hash=\"#elementor-action%3Aaction%3Dlightbox%26settings%3DeyJpZCI6MjAxLCJ1cmwiOiJodHRwczpcL1wvd3d3LmthbG1hci5jb20uYnJcL3dwLWNvbnRlbnRcL3VwbG9hZHNcLzIwMjNcLzAzXC8xOTkyLUxhcnMtTG9yZW5hLUVyaWstS3JldWdlci5qcGciLCJzbGlkZXNob3ciOiI0YTViMjI2In0%3D\">\n\t\t\t\t\t<div class=\"e-gallery-image elementor-gallery-item__image\" data-thumbnail=\"https:\/\/www.kalmar.com.br\/wp-content\/uploads\/2023\/03\/1992-Lars-Lorena-Erik-Kreuger-300x200.jpg\" data-width=\"300\" data-height=\"200\" aria-label=\"\" role=\"img\" ><\/div>\n\t\t\t\t\t\t\t\t\t\t\t<div class=\"elementor-gallery-item__overlay\"><\/div>\n\t\t\t\t\t\t\t\t\t\t\t\t\t\t<\/a>\n\t\t\t\t\t<\/div>\n\t\t\t\t\t<\/div>\n\t\t\t\t<\/div>\n\t\t\t\t\t<\/div>\n\t\t<\/div>\n\t\t\t\t\t<\/div>\n\t\t<\/section>\n\t\t\t\t<\/div>\n\t\t","protected":false},"excerpt":{"rendered":"<p>O Estaleiro Kalmar foi fundado em 1982 por Erik e Lars Kreuger, pai e filho, apaixonados por embarca\u00e7\u00f5es e por velejar, que resolveram criar uma empresa<span class=\"excerpt-hellip\"> [\u2026]<\/span><\/p>\n","protected":false},"author":1,"featured_media":0,"parent":0,"menu_order":0,"comment_status":"closed","ping_status":"closed","template":"","meta":{"footnotes":""},"class_list":["post-195","page","type-page","status-publish","hentry"],"_links":{"self":[{"href":"https:\/\/www.kalmar.com.br\/index.php?rest_route=\/wp\/v2\/pages\/195","targetHints":{"allow":["GET"]}}],"collection":[{"href":"https:\/\/www.kalmar.com.br\/index.php?rest_route=\/wp\/v2\/pages"}],"about":[{"href":"https:\/\/www.kalmar.com.br\/index.php?rest_route=\/wp\/v2\/types\/page"}],"author":[{"embeddable":true,"href":"https:\/\/www.kalmar.com.br\/index.php?rest_route=\/wp\/v2\/users\/1"}],"replies":[{"embeddable":true,"href":"https:\/\/www.kalmar.com.br\/index.php?rest_route=%2Fwp%2Fv2%2Fcomments&post=195"}],"version-history":[{"count":7,"href":"https:\/\/www.kalmar.com.br\/index.php?rest_route=\/wp\/v2\/pages\/195\/revisions"}],"predecessor-version":[{"id":225,"href":"https:\/\/www.kalmar.com.br\/index.php?rest_route=\/wp\/v2\/pages\/195\/revisions\/225"}],"wp:attachment":[{"href":"https:\/\/www.kalmar.com.br\/index.php?rest_route=%2Fwp%2Fv2%2Fmedia&parent=195"}],"curies":[{"name":"wp","href":"https:\/\/api.w.org\/{rel}","templated":true}]}}