{"id":283,"date":"2023-03-29T15:53:33","date_gmt":"2023-03-29T18:53:33","guid":{"rendered":"https:\/\/www.kalmar.com.br\/?page_id=283"},"modified":"2023-03-29T16:51:25","modified_gmt":"2023-03-29T19:51:25","slug":"classic-yachts","status":"publish","type":"page","link":"https:\/\/www.kalmar.com.br\/?page_id=283","title":{"rendered":"Classic Yachts"},"content":{"rendered":"\t\t<div data-elementor-type=\"wp-page\" data-elementor-id=\"283\" class=\"elementor elementor-283\" data-elementor-post-type=\"page\">\n\t\t\t\t\t\t<section class=\"elementor-section elementor-top-section elementor-element elementor-element-7604df2 elementor-section-boxed elementor-section-height-default elementor-section-height-default\" data-id=\"7604df2\" data-element_type=\"section\" data-e-type=\"section\">\n\t\t\t\t\t\t<div class=\"elementor-container elementor-column-gap-default\">\n\t\t\t\t\t<div class=\"elementor-column elementor-col-100 elementor-top-column elementor-element elementor-element-9db3d14\" data-id=\"9db3d14\" data-element_type=\"column\" data-e-type=\"column\">\n\t\t\t<div class=\"elementor-widget-wrap elementor-element-populated\">\n\t\t\t\t\t\t<div class=\"elementor-element elementor-element-8005d41 elementor-widget elementor-widget-text-editor\" data-id=\"8005d41\" data-element_type=\"widget\" data-e-type=\"widget\" data-widget_type=\"text-editor.default\">\n\t\t\t\t<div class=\"elementor-widget-container\">\n\t\t\t\t\t\t\t\t\t<header class=\"page-header\"><div class=\"taxonomy-description\"><p>O Estaleiro Kalmar oferece a linha Classic Yachts, que contempla os barcos cl\u00e1ssicos em madeira, cujos projetos s\u00e3o exclusivos do Estaleiro Kalmar. S\u00e3o embarca\u00e7\u00f5es personaliz\u00e1veis, que podem ter o layout interno, assim como a casaria, modificados conforme o desejo do cliente. S\u00e3o eles: Veleiro Cl\u00e1ssico K8, Lobster L35 (vers\u00e3o Classic e Sport) e Runabout IT22. Consulte-nos para conhecer melhor as vantagens das embarca\u00e7\u00f5es da linha Kalmar Classic Yachts.<\/p><\/div><\/header><div class=\"article-list clearfix\">\u00a0<\/div>\t\t\t\t\t\t\t\t<\/div>\n\t\t\t\t<\/div>\n\t\t\t\t<section class=\"elementor-section elementor-inner-section elementor-element elementor-element-d89e196 elementor-section-boxed elementor-section-height-default elementor-section-height-default\" data-id=\"d89e196\" data-element_type=\"section\" data-e-type=\"section\">\n\t\t\t\t\t\t<div class=\"elementor-container elementor-column-gap-default\">\n\t\t\t\t\t<div class=\"elementor-column elementor-col-25 elementor-inner-column elementor-element elementor-element-7301354\" data-id=\"7301354\" data-element_type=\"column\" data-e-type=\"column\">\n\t\t\t<div class=\"elementor-widget-wrap elementor-element-populated\">\n\t\t\t\t\t\t<div class=\"elementor-element elementor-element-54ac5ac elementor-widget elementor-widget-image\" data-id=\"54ac5ac\" data-element_type=\"widget\" data-e-type=\"widget\" data-widget_type=\"image.default\">\n\t\t\t\t<div class=\"elementor-widget-container\">\n\t\t\t\t\t\t\t\t\t\t\t\t\t\t\t\t<a href=\"https:\/\/www.kalmar.com.br\/classic-yachts\/lobster-boat-l35-sport\/\">\n\t\t\t\t\t\t\t<img fetchpriority=\"high\" decoding=\"async\" width=\"265\" height=\"265\" src=\"https:\/\/www.kalmar.com.br\/wp-content\/uploads\/2023\/03\/lobster-sport-destacada-265x265-1.jpg\" class=\"attachment-full size-full wp-image-289\" alt=\"\" srcset=\"https:\/\/www.kalmar.com.br\/wp-content\/uploads\/2023\/03\/lobster-sport-destacada-265x265-1.jpg 265w, https:\/\/www.kalmar.com.br\/wp-content\/uploads\/2023\/03\/lobster-sport-destacada-265x265-1-150x150.jpg 150w, https:\/\/www.kalmar.com.br\/wp-content\/uploads\/2023\/03\/lobster-sport-destacada-265x265-1-146x146.jpg 146w, https:\/\/www.kalmar.com.br\/wp-content\/uploads\/2023\/03\/lobster-sport-destacada-265x265-1-50x50.jpg 50w, https:\/\/www.kalmar.com.br\/wp-content\/uploads\/2023\/03\/lobster-sport-destacada-265x265-1-75x75.jpg 75w, https:\/\/www.kalmar.com.br\/wp-content\/uploads\/2023\/03\/lobster-sport-destacada-265x265-1-85x85.jpg 85w, https:\/\/www.kalmar.com.br\/wp-content\/uploads\/2023\/03\/lobster-sport-destacada-265x265-1-80x80.jpg 80w\" sizes=\"(max-width: 265px) 100vw, 265px\" \/>\t\t\t\t\t\t\t\t<\/a>\n\t\t\t\t\t\t\t\t\t\t\t\t\t\t\t<\/div>\n\t\t\t\t<\/div>\n\t\t\t\t<div class=\"elementor-element elementor-element-f3b3ee4 elementor-widget elementor-widget-heading\" data-id=\"f3b3ee4\" data-element_type=\"widget\" data-e-type=\"widget\" data-widget_type=\"heading.default\">\n\t\t\t\t<div class=\"elementor-widget-container\">\n\t\t\t\t\t<h5 class=\"elementor-heading-title elementor-size-default\"><a href=\"https:\/\/www.kalmar.com.br\/classic-yachts\/lobster-boat-l35-sport\/\">Lobster Boat L35 Sport<\/a><\/h5>\t\t\t\t<\/div>\n\t\t\t\t<\/div>\n\t\t\t\t\t<\/div>\n\t\t<\/div>\n\t\t\t\t<div class=\"elementor-column elementor-col-25 elementor-inner-column elementor-element elementor-element-6542fc8\" data-id=\"6542fc8\" data-element_type=\"column\" data-e-type=\"column\">\n\t\t\t<div class=\"elementor-widget-wrap elementor-element-populated\">\n\t\t\t\t\t\t<div class=\"elementor-element elementor-element-c4c167f elementor-widget elementor-widget-image\" data-id=\"c4c167f\" data-element_type=\"widget\" data-e-type=\"widget\" data-widget_type=\"image.default\">\n\t\t\t\t<div class=\"elementor-widget-container\">\n\t\t\t\t\t\t\t\t\t\t\t\t\t\t\t\t<a href=\"https:\/\/www.kalmar.com.br\/classic-yachts\/lobster-boat-l35-classic\/\">\n\t\t\t\t\t\t\t<img decoding=\"async\" width=\"265\" height=\"265\" src=\"https:\/\/www.kalmar.com.br\/wp-content\/uploads\/2023\/03\/lobsterl35-classic-265x265-1.jpg\" class=\"attachment-full size-full wp-image-288\" alt=\"\" srcset=\"https:\/\/www.kalmar.com.br\/wp-content\/uploads\/2023\/03\/lobsterl35-classic-265x265-1.jpg 265w, https:\/\/www.kalmar.com.br\/wp-content\/uploads\/2023\/03\/lobsterl35-classic-265x265-1-150x150.jpg 150w, https:\/\/www.kalmar.com.br\/wp-content\/uploads\/2023\/03\/lobsterl35-classic-265x265-1-146x146.jpg 146w, https:\/\/www.kalmar.com.br\/wp-content\/uploads\/2023\/03\/lobsterl35-classic-265x265-1-50x50.jpg 50w, https:\/\/www.kalmar.com.br\/wp-content\/uploads\/2023\/03\/lobsterl35-classic-265x265-1-75x75.jpg 75w, https:\/\/www.kalmar.com.br\/wp-content\/uploads\/2023\/03\/lobsterl35-classic-265x265-1-85x85.jpg 85w, https:\/\/www.kalmar.com.br\/wp-content\/uploads\/2023\/03\/lobsterl35-classic-265x265-1-80x80.jpg 80w\" sizes=\"(max-width: 265px) 100vw, 265px\" \/>\t\t\t\t\t\t\t\t<\/a>\n\t\t\t\t\t\t\t\t\t\t\t\t\t\t\t<\/div>\n\t\t\t\t<\/div>\n\t\t\t\t<div class=\"elementor-element elementor-element-6450b31 elementor-widget elementor-widget-heading\" data-id=\"6450b31\" data-element_type=\"widget\" data-e-type=\"widget\" data-widget_type=\"heading.default\">\n\t\t\t\t<div class=\"elementor-widget-container\">\n\t\t\t\t\t<h5 class=\"elementor-heading-title elementor-size-default\"><a href=\"https:\/\/www.kalmar.com.br\/classic-yachts\/lobster-boat-l35-classic\/\">Lobster Boat L35 Classic<\/a><\/h5>\t\t\t\t<\/div>\n\t\t\t\t<\/div>\n\t\t\t\t\t<\/div>\n\t\t<\/div>\n\t\t\t\t<div class=\"elementor-column elementor-col-25 elementor-inner-column elementor-element elementor-element-2d6e767\" data-id=\"2d6e767\" data-element_type=\"column\" data-e-type=\"column\">\n\t\t\t<div class=\"elementor-widget-wrap elementor-element-populated\">\n\t\t\t\t\t\t<div class=\"elementor-element elementor-element-049edaa elementor-widget elementor-widget-image\" data-id=\"049edaa\" data-element_type=\"widget\" data-e-type=\"widget\" data-widget_type=\"image.default\">\n\t\t\t\t<div class=\"elementor-widget-container\">\n\t\t\t\t\t\t\t\t\t\t\t\t\t\t\t\t<a href=\"https:\/\/www.kalmar.com.br\/classic-yachts\/lancha-runabout-it22\/\">\n\t\t\t\t\t\t\t<img decoding=\"async\" width=\"265\" height=\"265\" src=\"https:\/\/www.kalmar.com.br\/wp-content\/uploads\/2023\/03\/it22-265x265-1.jpg\" class=\"attachment-full size-full wp-image-287\" alt=\"\" srcset=\"https:\/\/www.kalmar.com.br\/wp-content\/uploads\/2023\/03\/it22-265x265-1.jpg 265w, https:\/\/www.kalmar.com.br\/wp-content\/uploads\/2023\/03\/it22-265x265-1-150x150.jpg 150w, https:\/\/www.kalmar.com.br\/wp-content\/uploads\/2023\/03\/it22-265x265-1-146x146.jpg 146w, https:\/\/www.kalmar.com.br\/wp-content\/uploads\/2023\/03\/it22-265x265-1-50x50.jpg 50w, https:\/\/www.kalmar.com.br\/wp-content\/uploads\/2023\/03\/it22-265x265-1-75x75.jpg 75w, https:\/\/www.kalmar.com.br\/wp-content\/uploads\/2023\/03\/it22-265x265-1-85x85.jpg 85w, https:\/\/www.kalmar.com.br\/wp-content\/uploads\/2023\/03\/it22-265x265-1-80x80.jpg 80w\" sizes=\"(max-width: 265px) 100vw, 265px\" \/>\t\t\t\t\t\t\t\t<\/a>\n\t\t\t\t\t\t\t\t\t\t\t\t\t\t\t<\/div>\n\t\t\t\t<\/div>\n\t\t\t\t<div class=\"elementor-element elementor-element-ed4893d elementor-widget elementor-widget-heading\" data-id=\"ed4893d\" data-element_type=\"widget\" data-e-type=\"widget\" data-widget_type=\"heading.default\">\n\t\t\t\t<div class=\"elementor-widget-container\">\n\t\t\t\t\t<h5 class=\"elementor-heading-title elementor-size-default\"><a href=\"https:\/\/www.kalmar.com.br\/classic-yachts\/lancha-runabout-it22\/\">Lancha Runabout IT22<\/a><\/h5>\t\t\t\t<\/div>\n\t\t\t\t<\/div>\n\t\t\t\t\t<\/div>\n\t\t<\/div>\n\t\t\t\t<div class=\"elementor-column elementor-col-25 elementor-inner-column elementor-element elementor-element-e6c26b5\" data-id=\"e6c26b5\" data-element_type=\"column\" data-e-type=\"column\">\n\t\t\t<div class=\"elementor-widget-wrap elementor-element-populated\">\n\t\t\t\t\t\t<div class=\"elementor-element elementor-element-90c9740 elementor-widget elementor-widget-image\" data-id=\"90c9740\" data-element_type=\"widget\" data-e-type=\"widget\" data-widget_type=\"image.default\">\n\t\t\t\t<div class=\"elementor-widget-container\">\n\t\t\t\t\t\t\t\t\t\t\t\t\t\t\t\t<a href=\"https:\/\/www.kalmar.com.br\/classic-yachts\/veleiro-classico-k8\/\">\n\t\t\t\t\t\t\t<img loading=\"lazy\" decoding=\"async\" width=\"265\" height=\"265\" src=\"https:\/\/www.kalmar.com.br\/wp-content\/uploads\/2023\/03\/k8-destacada-265x265-1.jpg\" class=\"attachment-full size-full wp-image-286\" alt=\"\" srcset=\"https:\/\/www.kalmar.com.br\/wp-content\/uploads\/2023\/03\/k8-destacada-265x265-1.jpg 265w, https:\/\/www.kalmar.com.br\/wp-content\/uploads\/2023\/03\/k8-destacada-265x265-1-150x150.jpg 150w, https:\/\/www.kalmar.com.br\/wp-content\/uploads\/2023\/03\/k8-destacada-265x265-1-146x146.jpg 146w, https:\/\/www.kalmar.com.br\/wp-content\/uploads\/2023\/03\/k8-destacada-265x265-1-50x50.jpg 50w, https:\/\/www.kalmar.com.br\/wp-content\/uploads\/2023\/03\/k8-destacada-265x265-1-75x75.jpg 75w, https:\/\/www.kalmar.com.br\/wp-content\/uploads\/2023\/03\/k8-destacada-265x265-1-85x85.jpg 85w, https:\/\/www.kalmar.com.br\/wp-content\/uploads\/2023\/03\/k8-destacada-265x265-1-80x80.jpg 80w\" sizes=\"(max-width: 265px) 100vw, 265px\" \/>\t\t\t\t\t\t\t\t<\/a>\n\t\t\t\t\t\t\t\t\t\t\t\t\t\t\t<\/div>\n\t\t\t\t<\/div>\n\t\t\t\t<div class=\"elementor-element elementor-element-e12250a elementor-widget elementor-widget-heading\" data-id=\"e12250a\" data-element_type=\"widget\" data-e-type=\"widget\" data-widget_type=\"heading.default\">\n\t\t\t\t<div class=\"elementor-widget-container\">\n\t\t\t\t\t<h5 class=\"elementor-heading-title elementor-size-default\"><a href=\"https:\/\/www.kalmar.com.br\/classic-yachts\/veleiro-classico-k8\/\">Veleiro Cl\u00e1ssico K8<\/a><\/h5>\t\t\t\t<\/div>\n\t\t\t\t<\/div>\n\t\t\t\t\t<\/div>\n\t\t<\/div>\n\t\t\t\t\t<\/div>\n\t\t<\/section>\n\t\t\t\t\t<\/div>\n\t\t<\/div>\n\t\t\t\t\t<\/div>\n\t\t<\/section>\n\t\t\t\t<\/div>\n\t\t","protected":false},"excerpt":{"rendered":"<p>O Estaleiro Kalmar oferece a linha Classic Yachts, que contempla os barcos cl\u00e1ssicos em madeira, cujos projetos s\u00e3o exclusivos do Estaleiro Kalmar. S\u00e3o embarca\u00e7\u00f5es personaliz\u00e1veis, que<span class=\"excerpt-hellip\"> [\u2026]<\/span><\/p>\n","protected":false},"author":1,"featured_media":0,"parent":0,"menu_order":0,"comment_status":"closed","ping_status":"closed","template":"","meta":{"footnotes":""},"class_list":["post-283","page","type-page","status-publish","hentry"],"_links":{"self":[{"href":"https:\/\/www.kalmar.com.br\/index.php?rest_route=\/wp\/v2\/pages\/283","targetHints":{"allow":["GET"]}}],"collection":[{"href":"https:\/\/www.kalmar.com.br\/index.php?rest_route=\/wp\/v2\/pages"}],"about":[{"href":"https:\/\/www.kalmar.com.br\/index.php?rest_route=\/wp\/v2\/types\/page"}],"author":[{"embeddable":true,"href":"https:\/\/www.kalmar.com.br\/index.php?rest_route=\/wp\/v2\/users\/1"}],"replies":[{"embeddable":true,"href":"https:\/\/www.kalmar.com.br\/index.php?rest_route=%2Fwp%2Fv2%2Fcomments&post=283"}],"version-history":[{"count":13,"href":"https:\/\/www.kalmar.com.br\/index.php?rest_route=\/wp\/v2\/pages\/283\/revisions"}],"predecessor-version":[{"id":370,"href":"https:\/\/www.kalmar.com.br\/index.php?rest_route=\/wp\/v2\/pages\/283\/revisions\/370"}],"wp:attachment":[{"href":"https:\/\/www.kalmar.com.br\/index.php?rest_route=%2Fwp%2Fv2%2Fmedia&parent=283"}],"curies":[{"name":"wp","href":"https:\/\/api.w.org\/{rel}","templated":true}]}}