{"id":567,"date":"2023-03-29T18:59:05","date_gmt":"2023-03-29T21:59:05","guid":{"rendered":"https:\/\/www.kalmar.com.br\/?page_id=567"},"modified":"2023-03-29T19:02:59","modified_gmt":"2023-03-29T22:02:59","slug":"trawler-70-pes-zion","status":"publish","type":"page","link":"https:\/\/www.kalmar.com.br\/?page_id=567","title":{"rendered":"Trawler 70 p\u00e9s \u201cZion\u201d"},"content":{"rendered":"\t\t<div data-elementor-type=\"wp-page\" data-elementor-id=\"567\" class=\"elementor elementor-567\" data-elementor-post-type=\"page\">\n\t\t\t\t\t\t<section class=\"elementor-section elementor-top-section elementor-element elementor-element-585fd19 elementor-section-boxed elementor-section-height-default elementor-section-height-default\" data-id=\"585fd19\" data-element_type=\"section\" data-e-type=\"section\">\n\t\t\t\t\t\t<div class=\"elementor-container elementor-column-gap-default\">\n\t\t\t\t\t<div class=\"elementor-column elementor-col-100 elementor-top-column elementor-element elementor-element-653a417\" data-id=\"653a417\" data-element_type=\"column\" data-e-type=\"column\">\n\t\t\t<div class=\"elementor-widget-wrap elementor-element-populated\">\n\t\t\t\t\t\t<div class=\"elementor-element elementor-element-3703b41 elementor-widget elementor-widget-text-editor\" data-id=\"3703b41\" data-element_type=\"widget\" data-e-type=\"widget\" data-widget_type=\"text-editor.default\">\n\t\t\t\t<div class=\"elementor-widget-container\">\n\t\t\t\t\t\t\t\t\t<p>O projeto de refit do\u00a0<strong>trawler<\/strong>\u00a0de casco de fibra de\u00a0<strong>70 p\u00e9s<\/strong>\u00a0\u00e9 um exemplo completo do servi\u00e7o de constru\u00e7\u00e3o de embarca\u00e7\u00f5es customizadas (one off) do Estaleiro Kalmar. O trabalho artesanal e exclusivo do Estaleiro Kalmar n\u00e3o se restringe apenas \u00e0s op\u00e7\u00f5es de cores, acabamentos e interiores modulares. O Kalmar ampliou sua gama de atua\u00e7\u00e3o, oferecendo um servi\u00e7o completo, construindo a embarca\u00e7\u00e3o 100% customizada, entendendo e realizando todas as exig\u00eancias e prefer\u00eancias do cliente. O Kalmar agregou ao processo de constru\u00e7\u00e3o, o gerenciamento do projeto e das equipes parceiras contratadas para servi\u00e7os terceirizados, aqueles que n\u00e3o contemplados no escopo de marcenaria e pintura. Sistemas e equipamentos s\u00e3o especificados e montados conforme a escolha do cliente.<\/p><p>Em projetos como este, em que todo o interior foi remodelado, \u00e9 necess\u00e1rio a contrata\u00e7\u00e3o de um arquiteto para desenvolver as solu\u00e7\u00f5es projetuais e de decora\u00e7\u00e3o, que sigam as demandas do cliente, e que contemplem tamb\u00e9m as restri\u00e7\u00f5es construtivas que possam existir. O cliente pode optar em como quer o seu layout interno, que tipo de desenho e acabamento prefere na mob\u00edlia (linhas mais retas, mais curvas, frisos, etc.), o tipo de tom da madeira e outros materiais que gostaria de agregar \u00e0 mob\u00edlia (palhas sint\u00e9ticas, pedras, espelhos, Corian, etc.), cores preferenciais, tipos de ferragens (puxadores, ma\u00e7anetas, sistema de corredi\u00e7as, etc), acabamento do piso, eletrodom\u00e9sticos, sistema de ilumina\u00e7\u00e3o e tipos de lumin\u00e1rias, dentre outros detalhes.<\/p><p>No\u00a0<strong>refit do trawler Zion<\/strong>, um barco antigo foi renovado, houve a necessidade de servi\u00e7o de manuten\u00e7\u00e3o do casco, antes de se iniciar os servi\u00e7o de marcenaria fina e acabamentos. Este trabalho, tamb\u00e9m executado pelo Estaleiro Kalmar, \u00e9 muito importante para a durabilidade da embarca\u00e7\u00e3o.<\/p>\t\t\t\t\t\t\t\t<\/div>\n\t\t\t\t<\/div>\n\t\t\t\t<div class=\"elementor-element elementor-element-8ff48e9 elementor-widget elementor-widget-gallery\" data-id=\"8ff48e9\" data-element_type=\"widget\" data-e-type=\"widget\" data-settings=\"{&quot;lazyload&quot;:&quot;yes&quot;,&quot;gallery_layout&quot;:&quot;grid&quot;,&quot;columns&quot;:4,&quot;columns_tablet&quot;:2,&quot;columns_mobile&quot;:1,&quot;gap&quot;:{&quot;unit&quot;:&quot;px&quot;,&quot;size&quot;:10,&quot;sizes&quot;:[]},&quot;gap_tablet&quot;:{&quot;unit&quot;:&quot;px&quot;,&quot;size&quot;:10,&quot;sizes&quot;:[]},&quot;gap_mobile&quot;:{&quot;unit&quot;:&quot;px&quot;,&quot;size&quot;:10,&quot;sizes&quot;:[]},&quot;link_to&quot;:&quot;file&quot;,&quot;aspect_ratio&quot;:&quot;3:2&quot;,&quot;overlay_background&quot;:&quot;yes&quot;,&quot;content_hover_animation&quot;:&quot;fade-in&quot;}\" data-widget_type=\"gallery.default\">\n\t\t\t\t<div class=\"elementor-widget-container\">\n\t\t\t\t\t\t\t<div class=\"elementor-gallery__container\">\n\t\t\t\t\t\t\t<a class=\"e-gallery-item elementor-gallery-item elementor-animated-content\" href=\"https:\/\/www.kalmar.com.br\/wp-content\/uploads\/2023\/03\/Estaleiro-Kalmar_trawler-Zion-3.jpg\" data-elementor-open-lightbox=\"yes\" data-elementor-lightbox-slideshow=\"8ff48e9\" data-elementor-lightbox-title=\"Estaleiro-Kalmar_trawler-Zion-3\" data-e-action-hash=\"#elementor-action%3Aaction%3Dlightbox%26settings%3DeyJpZCI6NTY5LCJ1cmwiOiJodHRwczpcL1wvd3d3LmthbG1hci5jb20uYnJcL3dwLWNvbnRlbnRcL3VwbG9hZHNcLzIwMjNcLzAzXC9Fc3RhbGVpcm8tS2FsbWFyX3RyYXdsZXItWmlvbi0zLmpwZyIsInNsaWRlc2hvdyI6IjhmZjQ4ZTkifQ%3D%3D\">\n\t\t\t\t\t<div class=\"e-gallery-image elementor-gallery-item__image\" data-thumbnail=\"https:\/\/www.kalmar.com.br\/wp-content\/uploads\/2023\/03\/Estaleiro-Kalmar_trawler-Zion-3-300x167.jpg\" data-width=\"300\" data-height=\"167\" aria-label=\"\" role=\"img\" ><\/div>\n\t\t\t\t\t\t\t\t\t\t\t<div class=\"elementor-gallery-item__overlay\"><\/div>\n\t\t\t\t\t\t\t\t\t\t\t\t\t\t<\/a>\n\t\t\t\t\t\t\t<a class=\"e-gallery-item elementor-gallery-item elementor-animated-content\" href=\"https:\/\/www.kalmar.com.br\/wp-content\/uploads\/2023\/03\/Estaleiro-Kalmar_trawler-Zion-71.jpg\" data-elementor-open-lightbox=\"yes\" data-elementor-lightbox-slideshow=\"8ff48e9\" data-elementor-lightbox-title=\"Estaleiro-Kalmar_trawler-Zion-71\" data-e-action-hash=\"#elementor-action%3Aaction%3Dlightbox%26settings%3DeyJpZCI6NTcwLCJ1cmwiOiJodHRwczpcL1wvd3d3LmthbG1hci5jb20uYnJcL3dwLWNvbnRlbnRcL3VwbG9hZHNcLzIwMjNcLzAzXC9Fc3RhbGVpcm8tS2FsbWFyX3RyYXdsZXItWmlvbi03MS5qcGciLCJzbGlkZXNob3ciOiI4ZmY0OGU5In0%3D\">\n\t\t\t\t\t<div class=\"e-gallery-image elementor-gallery-item__image\" data-thumbnail=\"https:\/\/www.kalmar.com.br\/wp-content\/uploads\/2023\/03\/Estaleiro-Kalmar_trawler-Zion-71-300x223.jpg\" data-width=\"300\" data-height=\"223\" aria-label=\"\" role=\"img\" ><\/div>\n\t\t\t\t\t\t\t\t\t\t\t<div class=\"elementor-gallery-item__overlay\"><\/div>\n\t\t\t\t\t\t\t\t\t\t\t\t\t\t<\/a>\n\t\t\t\t\t\t\t<a class=\"e-gallery-item elementor-gallery-item elementor-animated-content\" href=\"https:\/\/www.kalmar.com.br\/wp-content\/uploads\/2023\/03\/Estaleiro-Kalmar_trawler-Zion-1.jpg\" data-elementor-open-lightbox=\"yes\" data-elementor-lightbox-slideshow=\"8ff48e9\" data-elementor-lightbox-title=\"Estaleiro-Kalmar_trawler-Zion-1\" data-e-action-hash=\"#elementor-action%3Aaction%3Dlightbox%26settings%3DeyJpZCI6NTcxLCJ1cmwiOiJodHRwczpcL1wvd3d3LmthbG1hci5jb20uYnJcL3dwLWNvbnRlbnRcL3VwbG9hZHNcLzIwMjNcLzAzXC9Fc3RhbGVpcm8tS2FsbWFyX3RyYXdsZXItWmlvbi0xLmpwZyIsInNsaWRlc2hvdyI6IjhmZjQ4ZTkifQ%3D%3D\">\n\t\t\t\t\t<div class=\"e-gallery-image elementor-gallery-item__image\" data-thumbnail=\"https:\/\/www.kalmar.com.br\/wp-content\/uploads\/2023\/03\/Estaleiro-Kalmar_trawler-Zion-1-300x200.jpg\" data-width=\"300\" data-height=\"200\" aria-label=\"\" role=\"img\" ><\/div>\n\t\t\t\t\t\t\t\t\t\t\t<div class=\"elementor-gallery-item__overlay\"><\/div>\n\t\t\t\t\t\t\t\t\t\t\t\t\t\t<\/a>\n\t\t\t\t\t\t\t<a class=\"e-gallery-item elementor-gallery-item elementor-animated-content\" href=\"https:\/\/www.kalmar.com.br\/wp-content\/uploads\/2023\/03\/Estaleiro-Kalmar_trawler-Zion-2.jpg\" data-elementor-open-lightbox=\"yes\" data-elementor-lightbox-slideshow=\"8ff48e9\" data-elementor-lightbox-title=\"Estaleiro-Kalmar_trawler-Zion-2\" data-e-action-hash=\"#elementor-action%3Aaction%3Dlightbox%26settings%3DeyJpZCI6NTcyLCJ1cmwiOiJodHRwczpcL1wvd3d3LmthbG1hci5jb20uYnJcL3dwLWNvbnRlbnRcL3VwbG9hZHNcLzIwMjNcLzAzXC9Fc3RhbGVpcm8tS2FsbWFyX3RyYXdsZXItWmlvbi0yLmpwZyIsInNsaWRlc2hvdyI6IjhmZjQ4ZTkifQ%3D%3D\">\n\t\t\t\t\t<div class=\"e-gallery-image elementor-gallery-item__image\" data-thumbnail=\"https:\/\/www.kalmar.com.br\/wp-content\/uploads\/2023\/03\/Estaleiro-Kalmar_trawler-Zion-2-300x200.jpg\" data-width=\"300\" data-height=\"200\" aria-label=\"\" role=\"img\" ><\/div>\n\t\t\t\t\t\t\t\t\t\t\t<div class=\"elementor-gallery-item__overlay\"><\/div>\n\t\t\t\t\t\t\t\t\t\t\t\t\t\t<\/a>\n\t\t\t\t\t\t\t<a class=\"e-gallery-item elementor-gallery-item elementor-animated-content\" href=\"https:\/\/www.kalmar.com.br\/wp-content\/uploads\/2023\/03\/Estaleiro-Kalmar_trawler-Zion-4.jpg\" data-elementor-open-lightbox=\"yes\" data-elementor-lightbox-slideshow=\"8ff48e9\" data-elementor-lightbox-title=\"Estaleiro-Kalmar_trawler-Zion-4\" data-e-action-hash=\"#elementor-action%3Aaction%3Dlightbox%26settings%3DeyJpZCI6NTczLCJ1cmwiOiJodHRwczpcL1wvd3d3LmthbG1hci5jb20uYnJcL3dwLWNvbnRlbnRcL3VwbG9hZHNcLzIwMjNcLzAzXC9Fc3RhbGVpcm8tS2FsbWFyX3RyYXdsZXItWmlvbi00LmpwZyIsInNsaWRlc2hvdyI6IjhmZjQ4ZTkifQ%3D%3D\">\n\t\t\t\t\t<div class=\"e-gallery-image elementor-gallery-item__image\" data-thumbnail=\"https:\/\/www.kalmar.com.br\/wp-content\/uploads\/2023\/03\/Estaleiro-Kalmar_trawler-Zion-4-300x200.jpg\" data-width=\"300\" data-height=\"200\" aria-label=\"\" role=\"img\" ><\/div>\n\t\t\t\t\t\t\t\t\t\t\t<div class=\"elementor-gallery-item__overlay\"><\/div>\n\t\t\t\t\t\t\t\t\t\t\t\t\t\t<\/a>\n\t\t\t\t\t\t\t<a class=\"e-gallery-item elementor-gallery-item elementor-animated-content\" href=\"https:\/\/www.kalmar.com.br\/wp-content\/uploads\/2023\/03\/Estaleiro-Kalmar_trawler-Zion-5.jpg\" data-elementor-open-lightbox=\"yes\" data-elementor-lightbox-slideshow=\"8ff48e9\" data-elementor-lightbox-title=\"Estaleiro-Kalmar_trawler-Zion-5\" data-e-action-hash=\"#elementor-action%3Aaction%3Dlightbox%26settings%3DeyJpZCI6NTc0LCJ1cmwiOiJodHRwczpcL1wvd3d3LmthbG1hci5jb20uYnJcL3dwLWNvbnRlbnRcL3VwbG9hZHNcLzIwMjNcLzAzXC9Fc3RhbGVpcm8tS2FsbWFyX3RyYXdsZXItWmlvbi01LmpwZyIsInNsaWRlc2hvdyI6IjhmZjQ4ZTkifQ%3D%3D\">\n\t\t\t\t\t<div class=\"e-gallery-image elementor-gallery-item__image\" data-thumbnail=\"https:\/\/www.kalmar.com.br\/wp-content\/uploads\/2023\/03\/Estaleiro-Kalmar_trawler-Zion-5-300x200.jpg\" data-width=\"300\" data-height=\"200\" aria-label=\"\" role=\"img\" ><\/div>\n\t\t\t\t\t\t\t\t\t\t\t<div class=\"elementor-gallery-item__overlay\"><\/div>\n\t\t\t\t\t\t\t\t\t\t\t\t\t\t<\/a>\n\t\t\t\t\t\t\t<a class=\"e-gallery-item elementor-gallery-item elementor-animated-content\" href=\"https:\/\/www.kalmar.com.br\/wp-content\/uploads\/2023\/03\/Estaleiro-Kalmar_trawler-Zion-6.jpg\" data-elementor-open-lightbox=\"yes\" data-elementor-lightbox-slideshow=\"8ff48e9\" data-elementor-lightbox-title=\"Estaleiro-Kalmar_trawler-Zion-6\" data-e-action-hash=\"#elementor-action%3Aaction%3Dlightbox%26settings%3DeyJpZCI6NTc1LCJ1cmwiOiJodHRwczpcL1wvd3d3LmthbG1hci5jb20uYnJcL3dwLWNvbnRlbnRcL3VwbG9hZHNcLzIwMjNcLzAzXC9Fc3RhbGVpcm8tS2FsbWFyX3RyYXdsZXItWmlvbi02LmpwZyIsInNsaWRlc2hvdyI6IjhmZjQ4ZTkifQ%3D%3D\">\n\t\t\t\t\t<div class=\"e-gallery-image elementor-gallery-item__image\" data-thumbnail=\"https:\/\/www.kalmar.com.br\/wp-content\/uploads\/2023\/03\/Estaleiro-Kalmar_trawler-Zion-6-300x139.jpg\" data-width=\"300\" data-height=\"139\" aria-label=\"\" role=\"img\" ><\/div>\n\t\t\t\t\t\t\t\t\t\t\t<div class=\"elementor-gallery-item__overlay\"><\/div>\n\t\t\t\t\t\t\t\t\t\t\t\t\t\t<\/a>\n\t\t\t\t\t<\/div>\n\t\t\t\t\t<\/div>\n\t\t\t\t<\/div>\n\t\t\t\t\t<\/div>\n\t\t<\/div>\n\t\t\t\t\t<\/div>\n\t\t<\/section>\n\t\t\t\t<\/div>\n\t\t","protected":false},"excerpt":{"rendered":"<p>O projeto de refit do\u00a0trawler\u00a0de casco de fibra de\u00a070 p\u00e9s\u00a0\u00e9 um exemplo completo do servi\u00e7o de constru\u00e7\u00e3o de embarca\u00e7\u00f5es customizadas (one off) do Estaleiro Kalmar. O<span class=\"excerpt-hellip\"> [\u2026]<\/span><\/p>\n","protected":false},"author":1,"featured_media":0,"parent":516,"menu_order":0,"comment_status":"closed","ping_status":"closed","template":"","meta":{"footnotes":""},"class_list":["post-567","page","type-page","status-publish","hentry"],"_links":{"self":[{"href":"https:\/\/www.kalmar.com.br\/index.php?rest_route=\/wp\/v2\/pages\/567","targetHints":{"allow":["GET"]}}],"collection":[{"href":"https:\/\/www.kalmar.com.br\/index.php?rest_route=\/wp\/v2\/pages"}],"about":[{"href":"https:\/\/www.kalmar.com.br\/index.php?rest_route=\/wp\/v2\/types\/page"}],"author":[{"embeddable":true,"href":"https:\/\/www.kalmar.com.br\/index.php?rest_route=\/wp\/v2\/users\/1"}],"replies":[{"embeddable":true,"href":"https:\/\/www.kalmar.com.br\/index.php?rest_route=%2Fwp%2Fv2%2Fcomments&post=567"}],"version-history":[{"count":4,"href":"https:\/\/www.kalmar.com.br\/index.php?rest_route=\/wp\/v2\/pages\/567\/revisions"}],"predecessor-version":[{"id":578,"href":"https:\/\/www.kalmar.com.br\/index.php?rest_route=\/wp\/v2\/pages\/567\/revisions\/578"}],"up":[{"embeddable":true,"href":"https:\/\/www.kalmar.com.br\/index.php?rest_route=\/wp\/v2\/pages\/516"}],"wp:attachment":[{"href":"https:\/\/www.kalmar.com.br\/index.php?rest_route=%2Fwp%2Fv2%2Fmedia&parent=567"}],"curies":[{"name":"wp","href":"https:\/\/api.w.org\/{rel}","templated":true}]}}